{"id":33349,"date":"2024-11-04T10:25:58","date_gmt":"2024-11-04T16:25:58","guid":{"rendered":"https:\/\/buyfromcostarica.com\/?post_type=product&#038;p=33349"},"modified":"2024-11-04T10:25:58","modified_gmt":"2024-11-04T16:25:58","slug":"balsamo-crema-dental-formula-para-estetica-dental","status":"publish","type":"product","link":"https:\/\/suppliers.investincr.com\/en\/product\/balsamo-crema-dental-formula-para-estetica-dental\/","title":{"rendered":"B\u00e1lsamo &amp; Crema Dental F\u00f3rmula para Est\u00e9tica Dental"},"author":1352,"featured_media":0,"template":"","meta":[],"class_list":["post-33349","product","type-product","status-publish","hentry","sectores-cuidado-personal","sectores-industrias-especializadas"],"acf":[],"_links":{"self":[{"href":"https:\/\/suppliers.investincr.com\/en\/wp-json\/wp\/v2\/product\/33349","targetHints":{"allow":["GET"]}}],"collection":[{"href":"https:\/\/suppliers.investincr.com\/en\/wp-json\/wp\/v2\/product"}],"about":[{"href":"https:\/\/suppliers.investincr.com\/en\/wp-json\/wp\/v2\/types\/product"}],"author":[{"embeddable":true,"href":"https:\/\/suppliers.investincr.com\/en\/wp-json\/wp\/v2\/users\/1352"}],"wp:attachment":[{"href":"https:\/\/suppliers.investincr.com\/en\/wp-json\/wp\/v2\/media?parent=33349"}],"curies":[{"name":"wp","href":"https:\/\/api.w.org\/{rel}","templated":true}]}}